{"id":2,"date":"2016-05-10T03:48:21","date_gmt":"2016-05-10T03:48:21","guid":{"rendered":"http:\/\/tw-soundsolutions.de\/?page_id=2"},"modified":"2023-08-25T05:53:23","modified_gmt":"2023-08-25T05:53:23","slug":"sample-page","status":"publish","type":"page","link":"http:\/\/tw-soundsolutions.de\/","title":{"rendered":"Home"},"content":{"rendered":"\n<p class=\"has-text-align-center\"><strong>Unsere Philosophie<\/strong><\/p>\n\n\n\n<p class=\"has-text-align-center\">Eventtechnik steckt heutzutage einen gro\u00dfen Bereich ab. Die Technik wird moderner und komplizierter zu bedienen. Der Spruch \u201eeinmal mit Profis arbeiten\u201c steht im Vordergrund! Wir bieten von der Beratung, Planung und Durchf\u00fchrung alles an, was ein erfolgreiches Event ben\u00f6tigt.<\/p>\n\n\n\n<p class=\"has-text-align-center\"><strong>Ein guter Service ist das H\u00f6chstma\u00df einer Zusammenarbeit!<\/strong><\/p>\n\n\n\n<p class=\"has-text-align-center\">Au\u00dferdem sind wir davon \u00fcberzeugt, dass ein reiner Schriftverkehr per E-Mail nicht zum beiderseitigen Wunschergebnis f\u00fchrt. Begehungen der Location, einige Gespr\u00e4che und generell pers\u00f6nlicher Kontakt sind die Grundpfeiler einer erfolgreichen Veranstaltung und werden von uns in Perfektion angeboten.<\/p>\n\n\n\n<p class=\"has-text-align-center\">Die Sicherheit sollte immer im Vordergrund stehen. Auch hier werden Sie immer auf hohem Niveau beraten und k\u00f6nnen mit einem guten Gef\u00fchl ihr Event genie\u00dfen!<\/p>\n\n\n\n<p class=\"has-text-align-center\"><strong>Von klein bis gro\u00df &#8211; WIR sind die professionelle L\u00f6sung f\u00fcr IHR Event!<\/strong><\/p>\n\n\n\n<p class=\"has-text-align-center\">TW Sound Solutions<\/p>\n","protected":false},"excerpt":{"rendered":"<p>Unsere Philosophie Eventtechnik steckt heutzutage einen gro\u00dfen Bereich ab. Die Technik wird moderner und komplizierter zu bedienen. Der Spruch \u201eeinmal mit Profis arbeiten\u201c steht im Vordergrund! Wir bieten von der Beratung, Planung und Durchf\u00fchrung alles an, was ein erfolgreiches Event ben\u00f6tigt. Ein guter Service ist das H\u00f6chstma\u00df einer Zusammenarbeit! Au\u00dferdem [&hellip;]<\/p>\n","protected":false},"author":1,"featured_media":0,"parent":0,"menu_order":0,"comment_status":"closed","ping_status":"open","template":"","meta":{"footnotes":""},"yoast_head":"<!-- This site is optimized with the Yoast SEO plugin v22.6 - https:\/\/yoast.com\/wordpress\/plugins\/seo\/ -->\n<title>Home - Willkommen bei TWSS<\/title>\n<meta name=\"robots\" content=\"index, follow, max-snippet:-1, max-image-preview:large, max-video-preview:-1\" \/>\n<link rel=\"canonical\" href=\"http:\/\/tw-soundsolutions.de\/\" \/>\n<meta property=\"og:locale\" content=\"de_DE\" \/>\n<meta property=\"og:type\" content=\"article\" \/>\n<meta property=\"og:title\" content=\"Home - Willkommen bei TWSS\" \/>\n<meta property=\"og:description\" content=\"Unsere Philosophie Eventtechnik steckt heutzutage einen gro\u00dfen Bereich ab. Die Technik wird moderner und komplizierter zu bedienen. Der Spruch \u201eeinmal mit Profis arbeiten\u201c steht im Vordergrund! Wir bieten von der Beratung, Planung und Durchf\u00fchrung alles an, was ein erfolgreiches Event ben\u00f6tigt. Ein guter Service ist das H\u00f6chstma\u00df einer Zusammenarbeit! Au\u00dferdem [&hellip;]\" \/>\n<meta property=\"og:url\" content=\"http:\/\/tw-soundsolutions.de\/\" \/>\n<meta property=\"og:site_name\" content=\"Willkommen bei TWSS\" \/>\n<meta property=\"article:modified_time\" content=\"2023-08-25T05:53:23+00:00\" \/>\n<meta name=\"twitter:card\" content=\"summary_large_image\" \/>\n<meta name=\"twitter:label1\" content=\"Gesch\u00e4tzte Lesezeit\" \/>\n\t<meta name=\"twitter:data1\" content=\"1\u00a0Minute\" \/>\n<script type=\"application\/ld+json\" class=\"yoast-schema-graph\">{\"@context\":\"https:\/\/schema.org\",\"@graph\":[{\"@type\":\"WebPage\",\"@id\":\"http:\/\/tw-soundsolutions.de\/\",\"url\":\"http:\/\/tw-soundsolutions.de\/\",\"name\":\"Home - Willkommen bei TWSS\",\"isPartOf\":{\"@id\":\"http:\/\/tw-soundsolutions.de\/#website\"},\"datePublished\":\"2016-05-10T03:48:21+00:00\",\"dateModified\":\"2023-08-25T05:53:23+00:00\",\"breadcrumb\":{\"@id\":\"http:\/\/tw-soundsolutions.de\/#breadcrumb\"},\"inLanguage\":\"de\",\"potentialAction\":[{\"@type\":\"ReadAction\",\"target\":[\"http:\/\/tw-soundsolutions.de\/\"]}]},{\"@type\":\"BreadcrumbList\",\"@id\":\"http:\/\/tw-soundsolutions.de\/#breadcrumb\",\"itemListElement\":[{\"@type\":\"ListItem\",\"position\":1,\"name\":\"Startseite\",\"item\":\"http:\/\/tw-soundsolutions.de\/\"},{\"@type\":\"ListItem\",\"position\":2,\"name\":\"Home\"}]},{\"@type\":\"WebSite\",\"@id\":\"http:\/\/tw-soundsolutions.de\/#website\",\"url\":\"http:\/\/tw-soundsolutions.de\/\",\"name\":\"Willkommen bei TWSS\",\"description\":\"Ihr Ansprechpartner f\u00fcr B\u00fchnen-, Ton- und Lichttechnik\",\"publisher\":{\"@id\":\"http:\/\/tw-soundsolutions.de\/#organization\"},\"potentialAction\":[{\"@type\":\"SearchAction\",\"target\":{\"@type\":\"EntryPoint\",\"urlTemplate\":\"http:\/\/tw-soundsolutions.de\/?s={search_term_string}\"},\"query-input\":\"required name=search_term_string\"}],\"inLanguage\":\"de\"},{\"@type\":\"Organization\",\"@id\":\"http:\/\/tw-soundsolutions.de\/#organization\",\"name\":\"Willkommen bei TWSS\",\"url\":\"http:\/\/tw-soundsolutions.de\/\",\"logo\":{\"@type\":\"ImageObject\",\"inLanguage\":\"de\",\"@id\":\"http:\/\/tw-soundsolutions.de\/#\/schema\/logo\/image\/\",\"url\":\"\",\"contentUrl\":\"\",\"caption\":\"Willkommen bei TWSS\"},\"image\":{\"@id\":\"http:\/\/tw-soundsolutions.de\/#\/schema\/logo\/image\/\"}}]}<\/script>\n<!-- \/ Yoast SEO plugin. -->","yoast_head_json":{"title":"Home - Willkommen bei TWSS","robots":{"index":"index","follow":"follow","max-snippet":"max-snippet:-1","max-image-preview":"max-image-preview:large","max-video-preview":"max-video-preview:-1"},"canonical":"http:\/\/tw-soundsolutions.de\/","og_locale":"de_DE","og_type":"article","og_title":"Home - Willkommen bei TWSS","og_description":"Unsere Philosophie Eventtechnik steckt heutzutage einen gro\u00dfen Bereich ab. Die Technik wird moderner und komplizierter zu bedienen. Der Spruch \u201eeinmal mit Profis arbeiten\u201c steht im Vordergrund! Wir bieten von der Beratung, Planung und Durchf\u00fchrung alles an, was ein erfolgreiches Event ben\u00f6tigt. Ein guter Service ist das H\u00f6chstma\u00df einer Zusammenarbeit! Au\u00dferdem [&hellip;]","og_url":"http:\/\/tw-soundsolutions.de\/","og_site_name":"Willkommen bei TWSS","article_modified_time":"2023-08-25T05:53:23+00:00","twitter_card":"summary_large_image","twitter_misc":{"Gesch\u00e4tzte Lesezeit":"1\u00a0Minute"},"schema":{"@context":"https:\/\/schema.org","@graph":[{"@type":"WebPage","@id":"http:\/\/tw-soundsolutions.de\/","url":"http:\/\/tw-soundsolutions.de\/","name":"Home - Willkommen bei TWSS","isPartOf":{"@id":"http:\/\/tw-soundsolutions.de\/#website"},"datePublished":"2016-05-10T03:48:21+00:00","dateModified":"2023-08-25T05:53:23+00:00","breadcrumb":{"@id":"http:\/\/tw-soundsolutions.de\/#breadcrumb"},"inLanguage":"de","potentialAction":[{"@type":"ReadAction","target":["http:\/\/tw-soundsolutions.de\/"]}]},{"@type":"BreadcrumbList","@id":"http:\/\/tw-soundsolutions.de\/#breadcrumb","itemListElement":[{"@type":"ListItem","position":1,"name":"Startseite","item":"http:\/\/tw-soundsolutions.de\/"},{"@type":"ListItem","position":2,"name":"Home"}]},{"@type":"WebSite","@id":"http:\/\/tw-soundsolutions.de\/#website","url":"http:\/\/tw-soundsolutions.de\/","name":"Willkommen bei TWSS","description":"Ihr Ansprechpartner f\u00fcr B\u00fchnen-, Ton- und Lichttechnik","publisher":{"@id":"http:\/\/tw-soundsolutions.de\/#organization"},"potentialAction":[{"@type":"SearchAction","target":{"@type":"EntryPoint","urlTemplate":"http:\/\/tw-soundsolutions.de\/?s={search_term_string}"},"query-input":"required name=search_term_string"}],"inLanguage":"de"},{"@type":"Organization","@id":"http:\/\/tw-soundsolutions.de\/#organization","name":"Willkommen bei TWSS","url":"http:\/\/tw-soundsolutions.de\/","logo":{"@type":"ImageObject","inLanguage":"de","@id":"http:\/\/tw-soundsolutions.de\/#\/schema\/logo\/image\/","url":"","contentUrl":"","caption":"Willkommen bei TWSS"},"image":{"@id":"http:\/\/tw-soundsolutions.de\/#\/schema\/logo\/image\/"}}]}},"_links":{"self":[{"href":"http:\/\/tw-soundsolutions.de\/index.php?rest_route=\/wp\/v2\/pages\/2"}],"collection":[{"href":"http:\/\/tw-soundsolutions.de\/index.php?rest_route=\/wp\/v2\/pages"}],"about":[{"href":"http:\/\/tw-soundsolutions.de\/index.php?rest_route=\/wp\/v2\/types\/page"}],"author":[{"embeddable":true,"href":"http:\/\/tw-soundsolutions.de\/index.php?rest_route=\/wp\/v2\/users\/1"}],"replies":[{"embeddable":true,"href":"http:\/\/tw-soundsolutions.de\/index.php?rest_route=%2Fwp%2Fv2%2Fcomments&post=2"}],"version-history":[{"count":7,"href":"http:\/\/tw-soundsolutions.de\/index.php?rest_route=\/wp\/v2\/pages\/2\/revisions"}],"predecessor-version":[{"id":3040,"href":"http:\/\/tw-soundsolutions.de\/index.php?rest_route=\/wp\/v2\/pages\/2\/revisions\/3040"}],"wp:attachment":[{"href":"http:\/\/tw-soundsolutions.de\/index.php?rest_route=%2Fwp%2Fv2%2Fmedia&parent=2"}],"curies":[{"name":"wp","href":"https:\/\/api.w.org\/{rel}","templated":true}]}}